{"id":27424,"date":"2017-09-14T19:45:53","date_gmt":"2017-09-14T19:45:53","guid":{"rendered":"https:\/\/laurafinestres.com\/contacte\/"},"modified":"2017-11-02T05:26:50","modified_gmt":"2017-11-02T05:26:50","slug":"contacto","status":"publish","type":"page","link":"https:\/\/laurafinestres.com\/ca\/contacto\/","title":{"rendered":"CONTACTE"},"content":{"rendered":"<div class=\"wpb-content-wrapper\"><p>[vc_row][vc_column][vc_empty_space height=&#8221;50px&#8221;][vc_column_text]<\/p>\n<div class=\"title-h1\" style=\"text-align: center;\"><span class=\"light\">ESCRIU UNES <\/span>L\u00cdNIES<\/div>\n<p>[\/vc_column_text]<div class=\"clearboth\"><\/div><style>#thegem-divider-69f264d845a5b {margin-top: 30px !important;}<\/style><div id=\"thegem-divider-69f264d845a5b\" class=\"gem-divider  \" style=\"\" ><\/div><div class=\"clearboth\"><\/div><style>#thegem-divider-69f264d845b8a {margin-top: 45px !important;}<\/style><div id=\"thegem-divider-69f264d845b8a\" class=\"gem-divider  \" style=\"\" ><\/div>[vc_column_text]<\/p>\n<div class=\"styled-subtitle\" style=\"text-align: center;\">Pots contactar utilitzant el formulari de missatges, \u00e9s r\u00e0pid i senzill, o pots enviar-me un correu electr\u00f2nic a\u00a0<a href=\"mailto:info@laurafinestres.com\">info@laurafinestres.com<\/a>\u00a0et contestar\u00e9 el m\u00e9s aviat possible!<\/div>\n<p>[\/vc_column_text]<div class=\"clearboth\"><\/div><style>#thegem-divider-69f264d845bf8 {margin-top: 75px !important;}<\/style><div id=\"thegem-divider-69f264d845bf8\" class=\"gem-divider  \" style=\"\" ><\/div>[vc_row_inner][vc_column_inner]\n<div class=\"wpcf7 no-js\" id=\"wpcf7-f27857-o1\" lang=\"en-US\" dir=\"ltr\" data-wpcf7-id=\"27857\">\n<div class=\"screen-reader-response\"><p role=\"status\" aria-live=\"polite\" aria-atomic=\"true\"><\/p> <ul><\/ul><\/div>\n<form action=\"\/ca\/wp-json\/wp\/v2\/pages\/27424#wpcf7-f27857-o1\" method=\"post\" class=\"wpcf7-form init\" aria-label=\"Contact form\" novalidate=\"novalidate\" data-status=\"init\">\n<div style=\"display: none;\">\n<input type=\"hidden\" name=\"_wpcf7\" value=\"27857\" \/>\n<input type=\"hidden\" name=\"_wpcf7_version\" value=\"6.0.6\" \/>\n<input type=\"hidden\" name=\"_wpcf7_locale\" value=\"en_US\" \/>\n<input type=\"hidden\" name=\"_wpcf7_unit_tag\" value=\"wpcf7-f27857-o1\" \/>\n<input type=\"hidden\" name=\"_wpcf7_container_post\" value=\"0\" \/>\n<input type=\"hidden\" name=\"_wpcf7_posted_data_hash\" value=\"\" \/>\n<\/div>\n<div class='form-sidebar'>\n<p><span class=\"wpcf7-form-control-wrap\" data-name=\"name\"><input size=\"40\" maxlength=\"400\" class=\"wpcf7-form-control wpcf7-text wpcf7-validates-as-required\" aria-required=\"true\" aria-invalid=\"false\" placeholder=\"Nom*\" value=\"\" type=\"text\" name=\"name\" \/><\/span><\/p>\n\n<p><span class=\"wpcf7-form-control-wrap\" data-name=\"email\"><input size=\"40\" maxlength=\"400\" class=\"wpcf7-form-control wpcf7-email wpcf7-validates-as-required wpcf7-text wpcf7-validates-as-email\" aria-required=\"true\" aria-invalid=\"false\" placeholder=\"Email*\" value=\"\" type=\"email\" name=\"email\" \/><\/span> <\/p>\n\n<p><span class=\"wpcf7-form-control-wrap\" data-name=\"your-message\"><textarea cols=\"40\" rows=\"6\" maxlength=\"2000\" class=\"wpcf7-form-control wpcf7-textarea wpcf7-validates-as-required\" aria-required=\"true\" aria-invalid=\"false\" placeholder=\"Missatge*\" name=\"your-message\"><\/textarea><\/span> <\/p>\n\n<input class=\"wpcf7-form-control wpcf7-submit has-spinner\" type=\"submit\" value=\"Enviar\" \/>\n<\/div><p style=\"display: none !important;\" class=\"akismet-fields-container\" data-prefix=\"_wpcf7_ak_\"><label>&#916;<textarea name=\"_wpcf7_ak_hp_textarea\" cols=\"45\" rows=\"8\" maxlength=\"100\"><\/textarea><\/label><input type=\"hidden\" id=\"ak_js_1\" name=\"_wpcf7_ak_js\" value=\"206\"\/><script type=\"text\/javascript\">\n\/* <![CDATA[ *\/\ndocument.getElementById( \"ak_js_1\" ).setAttribute( \"value\", ( new Date() ).getTime() );\n\/* ]]> *\/\n<\/script>\n<\/p><div class=\"wpcf7-response-output\" aria-hidden=\"true\"><\/div>\n<\/form>\n<\/div>\n[\/vc_column_inner][\/vc_row_inner][\/vc_column][\/vc_row][vc_column][\/vc_column]<div id=\"fullwidth-block-69f264d84ad8c\" class=\"fullwidth-block clearfix\"  style=\"background-color: #f3f5f5;padding-top: 20px;\"><script type=\"text\/javascript\">if (typeof(gem_fix_fullwidth_position) == \"function\") { gem_fix_fullwidth_position(document.getElementById(\"fullwidth-block-69f264d84ad8c\")); }<\/script><div class=\"fullwidth-block-inner\"><div class=\"container\"><\/div><\/div><\/div>\n<\/div>","protected":false},"excerpt":{"rendered":"<p>[vc_row][vc_column][vc_empty_space height=&#8221;50px&#8221;][vc_column_text] ESCRIU UNES L\u00cdNIES [\/vc_column_text][vc_column_text] Pots contactar utilitzant el formulari de missatges, \u00e9s r\u00e0pid i senzill, o pots enviar-me&#8230;<\/p>\n","protected":false},"author":1,"featured_media":0,"parent":0,"menu_order":0,"comment_status":"closed","ping_status":"closed","template":"","meta":{"footnotes":""},"class_list":["post-27424","page","type-page","status-publish"],"_links":{"self":[{"href":"https:\/\/laurafinestres.com\/ca\/wp-json\/wp\/v2\/pages\/27424"}],"collection":[{"href":"https:\/\/laurafinestres.com\/ca\/wp-json\/wp\/v2\/pages"}],"about":[{"href":"https:\/\/laurafinestres.com\/ca\/wp-json\/wp\/v2\/types\/page"}],"author":[{"embeddable":true,"href":"https:\/\/laurafinestres.com\/ca\/wp-json\/wp\/v2\/users\/1"}],"replies":[{"embeddable":true,"href":"https:\/\/laurafinestres.com\/ca\/wp-json\/wp\/v2\/comments?post=27424"}],"version-history":[{"count":13,"href":"https:\/\/laurafinestres.com\/ca\/wp-json\/wp\/v2\/pages\/27424\/revisions"}],"predecessor-version":[{"id":27859,"href":"https:\/\/laurafinestres.com\/ca\/wp-json\/wp\/v2\/pages\/27424\/revisions\/27859"}],"wp:attachment":[{"href":"https:\/\/laurafinestres.com\/ca\/wp-json\/wp\/v2\/media?parent=27424"}],"curies":[{"name":"wp","href":"https:\/\/api.w.org\/{rel}","templated":true}]}}