{"id":27700,"date":"2017-09-25T20:49:10","date_gmt":"2017-09-25T20:49:10","guid":{"rendered":"https:\/\/laurafinestres.com\/laura\/"},"modified":"2018-02-21T21:29:51","modified_gmt":"2018-02-21T21:29:51","slug":"laura","status":"publish","type":"page","link":"https:\/\/laurafinestres.com\/ca\/laura\/","title":{"rendered":"Laura"},"content":{"rendered":"<div class=\"wpb-content-wrapper\"><p>[vc_row][vc_column]<div id=\"fullwidth-block-69e1b92dc3bb3\" class=\"fullwidth-block fullwidth-block-parallax-vertical clearfix\" data-mobile-parallax-enable=\"0\" style=\"\"><script type=\"text\/javascript\">if (typeof(gem_fix_fullwidth_position) == \"function\") { gem_fix_fullwidth_position(document.getElementById(\"fullwidth-block-69e1b92dc3bb3\")); }<\/script><div class=\"fullwidth-block-background\" style=\"background-image: url(https:\/\/laurafinestres.com\/wp-content\/uploads\/2017\/09\/laura6.jpg);background-repeat: no-repeat; background-size: cover;background-position: center center;\"><\/div><div class=\"fullwidth-block-inner\">[vc_row_inner][vc_column_inner width=&#8221;1\/4&#8243;][\/vc_column_inner][vc_column_inner width=&#8221;3\/4&#8243;][vc_empty_space height=&#8221;320&#8243;][vc_column_text]<\/p>\n<div class=\"title-h1\" style=\"text-align: center;\" data-mce-style=\"text-align: center;\"><span class=\"light\">Laura Finestres Valls<\/span><\/div>\n<p>[\/vc_column_text][vc_separator color=&#8221;custom&#8221; el_width=&#8221;20&#8243; accent_color=&#8221;#dd9933&#8243;]<div class=\"centered-box gem-image-centered-box\" ><div class=\"gem-image gem-wrapbox gem-wrapbox-style-default gem-wrapbox-position-centered  thegem-custom-69e1b92dc3cf8875\"  style=\"width: 350px;\" ><div class=\"gem-wrapbox-inner \" ><img class=\"gem-wrapbox-element img-responsive\" src=\"\" alt=\"\"\/><\/div><\/div><\/div>[vc_empty_space height=&#8221;60&#8243;]<div class=\"clearboth\"><\/div><div id=\"thegem-divider-69e1b92dc478d\" class=\"gem-divider  \" style=\"\" ><\/div>[\/vc_column_inner][\/vc_row_inner]<\/div><\/div>[vc_empty_space]<div class=\"clearboth\"><\/div><div id=\"thegem-divider-69e1b92dc48b5\" class=\"gem-divider  \" style=\"\" ><\/div>[vc_column_text]<\/p>\n<div class=\"styled-subtitle\"><strong>Biograf\u00eda:<\/strong><\/div>\n<div class=\"styled-subtitle\"><span class=\"light\">Nascuda a Barcelona el 6 de gener de 1966.<\/span><\/div>\n<div class=\"styled-subtitle\"><span class=\"light\">En el 1983 Comen\u00e7a els seus estudis a l\u2019Escola d\u2019Arts Visuals de Vilassar de Mar, Barcelona acabant-los en el 1986.<\/span><\/div>\n<div class=\"styled-subtitle\">A continuaci\u00f3 i fins el 1988, complementa la seva formaci\u00f3 amb estudis d\u2019escultura a l\u2019Escola Massana de Barcelona.<br \/>\nEn el 1993 viatja a It\u00e0lia on apr\u00e8n diverses t\u00e8cniques de gravat a Il Laboratorio di Nola, (NA) It\u00e0lia, sota el mestratge de Vittorio Avella i Antonio Sgambati.<br \/>\n1994- 1997 Encarregada de la secci\u00f3 de serigrafia de Il Laboratorio\/Le edidioni, a la producci\u00f3 de s\u00e8ries limitades d\u2019obra gr\u00e0fica i llibre d\u2019artista, entre d\u2019altres Riccardo Dalisi, Mimmo Paladino, Lello Esposito, Oreste Zevola, Angelo Casciello, Sergio Fermariello.<\/div>\n<div class=\"styled-subtitle\">1993- 1997 Assistent al taller de l\u2019artista Sergio Fermariello.<br \/>\n1996 Producci\u00f3 de les serigrafies de l\u2019artista Oreste Zevola per l\u2019exposici\u00f3 Stormo a la galeria Morra, N\u00e0pols al 2002 per el mateix artista realitza la s\u00e8rie Flussi a la sala Carlo V del Maschio Angioino<\/div>\n<div class=\"styled-subtitle\">En el 1997 es trasllada a Londres on comen\u00e7a la seva traject\u00f2ria art\u00edstica, tornant al cap de dos anys a Cabrera de Mar, compaginant la pintura amb col\u00b7laboracions a Il Laboratorio\/ Le edizioni.<br \/>\nEn el 2009 Empren noves t\u00e8cniques art\u00edstiques, creant la seva col\u00b7lecci\u00f3 de joies d\u2019autor nomenada Jard\u00ed Captiu.<\/div>\n<div><\/div>\n<div><\/div>\n<div class=\"styled-subtitle\"><\/div>\n<p>[\/vc_column_text][\/vc_column][\/vc_row][vc_row][vc_column][vc_empty_space height=&#8221;50&#8243;][vc_empty_space height=&#8221;50&#8243;][\/vc_column][\/vc_row]<\/p>\n<\/div>","protected":false},"excerpt":{"rendered":"<p>[vc_row][vc_column][vc_empty_space][vc_column_text] Biograf\u00eda: Nascuda a Barcelona el 6 de gener de 1966. En el 1983 Comen\u00e7a els seus estudis a l\u2019Escola&#8230;<\/p>\n","protected":false},"author":1,"featured_media":0,"parent":0,"menu_order":0,"comment_status":"closed","ping_status":"closed","template":"","meta":{"footnotes":""},"class_list":["post-27700","page","type-page","status-publish"],"_links":{"self":[{"href":"https:\/\/laurafinestres.com\/ca\/wp-json\/wp\/v2\/pages\/27700"}],"collection":[{"href":"https:\/\/laurafinestres.com\/ca\/wp-json\/wp\/v2\/pages"}],"about":[{"href":"https:\/\/laurafinestres.com\/ca\/wp-json\/wp\/v2\/types\/page"}],"author":[{"embeddable":true,"href":"https:\/\/laurafinestres.com\/ca\/wp-json\/wp\/v2\/users\/1"}],"replies":[{"embeddable":true,"href":"https:\/\/laurafinestres.com\/ca\/wp-json\/wp\/v2\/comments?post=27700"}],"version-history":[{"count":12,"href":"https:\/\/laurafinestres.com\/ca\/wp-json\/wp\/v2\/pages\/27700\/revisions"}],"predecessor-version":[{"id":28385,"href":"https:\/\/laurafinestres.com\/ca\/wp-json\/wp\/v2\/pages\/27700\/revisions\/28385"}],"wp:attachment":[{"href":"https:\/\/laurafinestres.com\/ca\/wp-json\/wp\/v2\/media?parent=27700"}],"curies":[{"name":"wp","href":"https:\/\/api.w.org\/{rel}","templated":true}]}}