{"id":28447,"date":"2018-03-03T22:22:00","date_gmt":"2018-03-03T22:22:00","guid":{"rendered":"https:\/\/laurafinestres.com\/branques\/"},"modified":"2018-03-04T00:53:14","modified_gmt":"2018-03-04T00:53:14","slug":"branques","status":"publish","type":"page","link":"https:\/\/laurafinestres.com\/ca\/branques\/","title":{"rendered":"Branques"},"content":{"rendered":"<div class=\"wpb-content-wrapper\"><p>[vc_row css=&#8221;.vc_custom_1506541734768{background-position: center !important;background-repeat: no-repeat !important;background-size: cover !important;}&#8221;][vc_column]<div id=\"fullwidth-block-69e1ca232bea0\" class=\"fullwidth-block fullwidth-block-parallax-vertical clearfix\" data-mobile-parallax-enable=\"0\" style=\"\"><script type=\"text\/javascript\">if (typeof(gem_fix_fullwidth_position) == \"function\") { gem_fix_fullwidth_position(document.getElementById(\"fullwidth-block-69e1ca232bea0\")); }<\/script><div class=\"fullwidth-block-background\" style=\"background-image: url(https:\/\/laurafinestres.com\/wp-content\/uploads\/2018\/01\/15.jpg);background-repeat: no-repeat; background-size: cover;background-position: center center;\"><\/div><div class=\"fullwidth-block-inner\">[vc_row_inner css=&#8221;.vc_custom_1506350105248{margin-right: 2px !important;margin-left: 2px !important;border-top-width: 2px !important;border-right-width: 2px !important;border-bottom-width: 2px !important;border-left-width: 2px !important;border-left-color: #b3ae8d !important;border-left-style: none !important;border-right-color: #b3ae8d !important;border-right-style: none !important;border-top-color: #b3ae8d !important;border-top-style: none !important;border-bottom-color: #b3ae8d !important;border-bottom-style: none !important;}&#8221;][vc_column_inner][vc_empty_space height=&#8221;320&#8243;]<div class=\"clearboth\"><\/div><style>#thegem-divider-69e1ca232bfca {margin-top: 25px !important;}<\/style><div id=\"thegem-divider-69e1ca232bfca\" class=\"gem-divider  \" style=\"\" ><\/div>[vc_column_text]<\/p>\n<p class=\"title-h1\" style=\"text-align: center;\"><span style=\"color: #ffffff;\"><strong><span class=\"light\">Branch<\/span><\/strong><\/span><br \/>\n<span style=\"color: #ffffff;\"><strong><span class=\"light\">Fulles<\/span><\/strong><\/span><\/p>\n<p>[\/vc_column_text][vc_separator color=&#8221;custom&#8221; el_width=&#8221;20&#8243; css_animation=&#8221;none&#8221; accent_color=&#8221;#dd9933&#8243;][vc_empty_space height=&#8221;400&#8243;]<div class=\"clearboth\"><\/div><style>#thegem-divider-69e1ca232c217 {margin-top: 50px !important;}<\/style><div id=\"thegem-divider-69e1ca232c217\" class=\"gem-divider  \" style=\"\" ><\/div>[\/vc_column_inner][\/vc_row_inner]<\/div><\/div>[\/vc_column][\/vc_row][vc_row][\/vc_row][vc_column][\/vc_column][vc_column css=&#8221;.vc_custom_1506366657007{margin-top: -100px !important;}&#8221;][\/vc_column]<div class=\"clearboth\"><\/div><style>#thegem-divider-69e1ca232c2a4 {margin-top: 30px !important;}<\/style><div id=\"thegem-divider-69e1ca232c2a4\" class=\"gem-divider  \" style=\"\" ><\/div>[vc_column_text css_animation=&#8221;fadeInUp&#8221;]<\/p>\n<div class=\"title-h3\" style=\"text-align: center;\"><span class=\"light\">Branch<\/span><\/div>\n<p>[\/vc_column_text][vc_column_text css_animation=&#8221;fadeInUp&#8221;]<\/p>\n<div class=\"styled-subtitle\" style=\"text-align: center;\"><span style=\"color: #dd9933;\">IL.LUMINA I DECORA AMB ART<\/span><\/div>\n<div class=\"styled-subtitle\" style=\"text-align: center;\">\n<p>Continuant el proc\u00e9s de treball amb la natura com a font d\u2019inspiraci\u00f3 n\u2019esdev\u00e9 aquesta proposta de l\u00e0mpades art\u00edstiques.<br \/>\nEstructura de filferro recobert amb paper maix\u00e9, fulles realitzades amb pasta de paper. Font de llum LED<\/p>\n<p>Color base de les fulles blanc ivori, possibilitat d\u2019escollir amplia gama de colors amb pigments org\u00e0nics.<\/p>\n<p>Projectes a mida.<\/p>\n<\/div>\n<p>[\/vc_column_text]<div class=\"clearboth\"><\/div><style>#thegem-divider-69e1ca232c312 {margin-top: 100px !important;}<\/style><div id=\"thegem-divider-69e1ca232c312\" class=\"gem-divider  \" style=\"\" ><\/div>[vc_row][vc_column css_animation=&#8221;fadeInUp&#8221;]<style>.gem-gallery-grid#style-69e1ca232d5ac .gallery-item { padding: calc(42px\/2) !important; }.gem-gallery-grid#style-69e1ca232d5ac .gallery-set { margin-top: calc(-42px\/2); margin-bottom: calc(-42px\/2); }.gem-gallery-grid#style-69e1ca232d5ac .not-fullwidth-block .gallery-set, .gem-gallery-grid#style-69e1ca232d5ac .not-fullwidth-block .portfolio-item-size-container { margin-left: calc(-42px\/2); margin-right: calc(-42px\/2); }.gem-gallery-grid#style-69e1ca232d5ac .fullwidth-block { padding-left: calc(42px\/2); padding-right: calc(42px\/2); }.gem-gallery-grid#style-69e1ca232d5ac .portfolio-filters { text-align: center }<\/style><div id=\"style-preloader-69e1ca232d5ac\" class=\"preloader save-space\"><div class=\"preloader-spin\"><\/div><\/div> <div class=\"gallery-preloader-wrapper\"> <div class=\"row\"> <div id=\"style-69e1ca232d5ac\" class=\"gem-gallery-grid col-lg-12 col-md-12 col-sm-12 gallery-style-masonry hover-zooming-blur loading-animation item-animation-move-up gallery-items-masonry columns-4 columns-tablet-2 columns-mobile-1 gaps-margin \" data-hover=\"zooming-blur\" data-uid=\"69e1ca232d5ac\" data-filter=\"[]\"> <div class=\"portfolio not-fullwidth-block \"> <ul class=\"gallery-set clearfix\" data-max-row-height=\"280\"> <li class=\"gallery-item gallery-0 col-xs-12 col-sm-6 col-md-3 item-animations-not-inited single-icon post-28447 page type-page status-publish\" style=\"\"> <div class=\"wrap gem-wrapbox-style-default\"> <div class=\"overlay-wrap\"> <div class=\"image-wrap \"> <picture> <img src=\"https:\/\/laurafinestres.com\/wp-content\/uploads\/2018\/02\/14-1-thegem-portfolio-masonry.jpg\" width=\"754\" height=\"971\" class=\"attachment-thegem-portfolio-masonry\" alt=\"14\" \/> <\/picture> <\/div> <div class=\"overlay \"> <div class=\"overlay-circle\"><\/div> <a href=\"https:\/\/laurafinestres.com\/wp-content\/uploads\/2018\/02\/14-1.jpg\" class=\"gallery-item-link fancy-gallery\" data-fancybox=\"gallery-69e1ca232d5ac\"> <span class=\"slide-info\"> <\/span> <\/a> <div class=\"overlay-content\"> <div class=\"overlay-content-center\"> <div class=\"overlay-content-inner\"> <a href=\"https:\/\/laurafinestres.com\/wp-content\/uploads\/2018\/02\/14-1.jpg\" class=\"icon photo \" > <\/a> <div class=\"overlay-line\"><\/div> <\/div> <\/div> <\/div> <\/div> <\/div> <\/div> <\/li> <li class=\"gallery-item gallery-0 col-xs-12 col-sm-6 col-md-3 item-animations-not-inited single-icon post-28447 page type-page status-publish\" style=\"\"> <div class=\"wrap gem-wrapbox-style-default\"> <div class=\"overlay-wrap\"> <div class=\"image-wrap \"> <picture> <img src=\"https:\/\/laurafinestres.com\/wp-content\/uploads\/2018\/02\/13-1-thegem-portfolio-masonry.jpg\" width=\"754\" height=\"971\" class=\"attachment-thegem-portfolio-masonry\" alt=\"13\" \/> <\/picture> <\/div> <div class=\"overlay \"> <div class=\"overlay-circle\"><\/div> <a href=\"https:\/\/laurafinestres.com\/wp-content\/uploads\/2018\/02\/13-1.jpg\" class=\"gallery-item-link fancy-gallery\" data-fancybox=\"gallery-69e1ca232d5ac\"> <span class=\"slide-info\"> <\/span> <\/a> <div class=\"overlay-content\"> <div class=\"overlay-content-center\"> <div class=\"overlay-content-inner\"> <a href=\"https:\/\/laurafinestres.com\/wp-content\/uploads\/2018\/02\/13-1.jpg\" class=\"icon photo \" > <\/a> <div class=\"overlay-line\"><\/div> <\/div> <\/div> <\/div> <\/div> <\/div> <\/div> <\/li> <li class=\"gallery-item gallery-0 col-xs-12 col-sm-6 col-md-3 item-animations-not-inited single-icon post-28447 page type-page status-publish\" style=\"\"> <div class=\"wrap gem-wrapbox-style-default\"> <div class=\"overlay-wrap\"> <div class=\"image-wrap \"> <picture> <img src=\"https:\/\/laurafinestres.com\/wp-content\/uploads\/2018\/02\/12-1-thegem-portfolio-masonry.jpg\" width=\"754\" height=\"971\" class=\"attachment-thegem-portfolio-masonry\" alt=\"12\" \/> <\/picture> <\/div> <div class=\"overlay \"> <div class=\"overlay-circle\"><\/div> <a href=\"https:\/\/laurafinestres.com\/wp-content\/uploads\/2018\/02\/12-1.jpg\" class=\"gallery-item-link fancy-gallery\" data-fancybox=\"gallery-69e1ca232d5ac\"> <span class=\"slide-info\"> <\/span> <\/a> <div class=\"overlay-content\"> <div class=\"overlay-content-center\"> <div class=\"overlay-content-inner\"> <a href=\"https:\/\/laurafinestres.com\/wp-content\/uploads\/2018\/02\/12-1.jpg\" class=\"icon photo \" > <\/a> <div class=\"overlay-line\"><\/div> <\/div> <\/div> <\/div> <\/div> <\/div> <\/div> <\/li> <li class=\"gallery-item gallery-0 col-xs-12 col-sm-6 col-md-3 item-animations-not-inited single-icon post-28447 page type-page status-publish\" style=\"\"> <div class=\"wrap gem-wrapbox-style-default\"> <div class=\"overlay-wrap\"> <div class=\"image-wrap \"> <picture> <img src=\"https:\/\/laurafinestres.com\/wp-content\/uploads\/2018\/02\/11-1-thegem-portfolio-masonry.jpg\" width=\"754\" height=\"971\" class=\"attachment-thegem-portfolio-masonry\" alt=\"11\" \/> <\/picture> <\/div> <div class=\"overlay \"> <div class=\"overlay-circle\"><\/div> <a href=\"https:\/\/laurafinestres.com\/wp-content\/uploads\/2018\/02\/11-1.jpg\" class=\"gallery-item-link fancy-gallery\" data-fancybox=\"gallery-69e1ca232d5ac\"> <span class=\"slide-info\"> <\/span> <\/a> <div class=\"overlay-content\"> <div class=\"overlay-content-center\"> <div class=\"overlay-content-inner\"> <a href=\"https:\/\/laurafinestres.com\/wp-content\/uploads\/2018\/02\/11-1.jpg\" class=\"icon photo \" > <\/a> <div class=\"overlay-line\"><\/div> <\/div> <\/div> <\/div> <\/div> <\/div> <\/div> <\/li> <li class=\"gallery-item gallery-0 col-xs-12 col-sm-6 col-md-3 item-animations-not-inited single-icon post-28447 page type-page status-publish\" style=\"\"> <div class=\"wrap gem-wrapbox-style-default\"> <div class=\"overlay-wrap\"> <div class=\"image-wrap \"> <picture> <img src=\"https:\/\/laurafinestres.com\/wp-content\/uploads\/2018\/03\/23-thegem-portfolio-masonry.jpg\" width=\"754\" height=\"971\" class=\"attachment-thegem-portfolio-masonry\" alt=\"23\" \/> <\/picture> <\/div> <div class=\"overlay \"> <div class=\"overlay-circle\"><\/div> <a href=\"https:\/\/laurafinestres.com\/wp-content\/uploads\/2018\/03\/23.jpg\" class=\"gallery-item-link fancy-gallery\" data-fancybox=\"gallery-69e1ca232d5ac\"> <span class=\"slide-info\"> <\/span> <\/a> <div class=\"overlay-content\"> <div class=\"overlay-content-center\"> <div class=\"overlay-content-inner\"> <a href=\"https:\/\/laurafinestres.com\/wp-content\/uploads\/2018\/03\/23.jpg\" class=\"icon photo \" > <\/a> <div class=\"overlay-line\"><\/div> <\/div> <\/div> <\/div> <\/div> <\/div> <\/div> <\/li> <li class=\"gallery-item gallery-0 col-xs-12 col-sm-6 col-md-3 item-animations-not-inited single-icon post-28447 page type-page status-publish\" style=\"\"> <div class=\"wrap gem-wrapbox-style-default\"> <div class=\"overlay-wrap\"> <div class=\"image-wrap \"> <picture> <img src=\"https:\/\/laurafinestres.com\/wp-content\/uploads\/2018\/03\/22-thegem-portfolio-masonry.jpg\" width=\"754\" height=\"971\" class=\"attachment-thegem-portfolio-masonry\" alt=\"22\" \/> <\/picture> <\/div> <div class=\"overlay \"> <div class=\"overlay-circle\"><\/div> <a href=\"https:\/\/laurafinestres.com\/wp-content\/uploads\/2018\/03\/22.jpg\" class=\"gallery-item-link fancy-gallery\" data-fancybox=\"gallery-69e1ca232d5ac\"> <span class=\"slide-info\"> <\/span> <\/a> <div class=\"overlay-content\"> <div class=\"overlay-content-center\"> <div class=\"overlay-content-inner\"> <a href=\"https:\/\/laurafinestres.com\/wp-content\/uploads\/2018\/03\/22.jpg\" class=\"icon photo \" > <\/a> <div class=\"overlay-line\"><\/div> <\/div> <\/div> <\/div> <\/div> <\/div> <\/div> <\/li> <\/ul> <div class=\"portfolio-item-size-container\"> <li class=\"gallery-item size-item col-xs-12 col-sm-6 col-md-3 post-28447 page type-page status-publish\" style=\"\"> <\/li> <\/div> <\/div> <\/div> <\/div> <\/div>[\/vc_column][\/vc_row][vc_row][vc_column]<div class=\"clearboth\"><\/div><style>#thegem-divider-69e1ca2336215 {margin-bottom: 20px !important;}<\/style><div id=\"thegem-divider-69e1ca2336215\" class=\"gem-divider  \" style=\"\" ><\/div>[\/vc_column][\/vc_row][vc_row][vc_column][vc_separator color=&#8221;custom&#8221; el_width=&#8221;50&#8243; css_animation=&#8221;none&#8221; accent_color=&#8221;#dd9933&#8243;]<div class=\"clearboth\"><\/div><style>#thegem-divider-69e1ca23362bc {margin-bottom: 70px !important;}<\/style><div id=\"thegem-divider-69e1ca23362bc\" class=\"gem-divider  \" style=\"\" ><\/div>[\/vc_column][\/vc_row]<\/p>\n<\/div>","protected":false},"excerpt":{"rendered":"<p>[vc_row css=&#8221;.vc_custom_1506541734768{background-position: center !important;background-repeat: no-repeat !important;background-size: cover !important;}&#8221;][vc_column][\/vc_column][\/vc_row][vc_row][\/vc_row][vc_column][\/vc_column][vc_column css=&#8221;.vc_custom_1506366657007{margin-top: -100px !important;}&#8221;][\/vc_column][vc_column_text css_animation=&#8221;fadeInUp&#8221;] Branch [\/vc_column_text][vc_column_text css_animation=&#8221;fadeInUp&#8221;] IL.LUMINA I DECORA AMB ART&#8230;<\/p>\n","protected":false},"author":1,"featured_media":0,"parent":0,"menu_order":0,"comment_status":"closed","ping_status":"closed","template":"","meta":{"footnotes":""},"class_list":["post-28447","page","type-page","status-publish"],"_links":{"self":[{"href":"https:\/\/laurafinestres.com\/ca\/wp-json\/wp\/v2\/pages\/28447"}],"collection":[{"href":"https:\/\/laurafinestres.com\/ca\/wp-json\/wp\/v2\/pages"}],"about":[{"href":"https:\/\/laurafinestres.com\/ca\/wp-json\/wp\/v2\/types\/page"}],"author":[{"embeddable":true,"href":"https:\/\/laurafinestres.com\/ca\/wp-json\/wp\/v2\/users\/1"}],"replies":[{"embeddable":true,"href":"https:\/\/laurafinestres.com\/ca\/wp-json\/wp\/v2\/comments?post=28447"}],"version-history":[{"count":6,"href":"https:\/\/laurafinestres.com\/ca\/wp-json\/wp\/v2\/pages\/28447\/revisions"}],"predecessor-version":[{"id":28491,"href":"https:\/\/laurafinestres.com\/ca\/wp-json\/wp\/v2\/pages\/28447\/revisions\/28491"}],"wp:attachment":[{"href":"https:\/\/laurafinestres.com\/ca\/wp-json\/wp\/v2\/media?parent=28447"}],"curies":[{"name":"wp","href":"https:\/\/api.w.org\/{rel}","templated":true}]}}